{"id":4363,"date":"2024-07-11T15:51:07","date_gmt":"2024-07-11T13:51:07","guid":{"rendered":"https:\/\/www.vigezzinacentovalli.com\/ueber-uns\/unternehmen\/"},"modified":"2024-09-04T10:37:10","modified_gmt":"2024-09-04T08:37:10","slug":"unternehmen","status":"publish","type":"page","link":"https:\/\/www.vigezzinacentovalli.com\/de\/ueber-uns\/unternehmen\/","title":{"rendered":"Unternehmen"},"content":{"rendered":"\t\t<div data-elementor-type=\"wp-page\" data-elementor-id=\"4363\" class=\"elementor elementor-4363 elementor-2231\" data-elementor-post-type=\"page\">\n\t\t\t\t<div class=\"elementor-element elementor-element-1010546 e-flex e-con-boxed e-con e-parent\" data-id=\"1010546\" data-element_type=\"container\" data-e-type=\"container\" data-settings=\"{&quot;jet_parallax_layout_list&quot;:[]}\">\n\t\t\t\t\t<div class=\"e-con-inner\">\n\t\t<div class=\"elementor-element elementor-element-be8c3dd e-con-full e-flex e-con e-child\" data-id=\"be8c3dd\" data-element_type=\"container\" data-e-type=\"container\" data-settings=\"{&quot;jet_parallax_layout_list&quot;:[]}\">\n\t\t<div class=\"elementor-element elementor-element-b6c2f83 e-con-full e-flex e-con e-child\" data-id=\"b6c2f83\" data-element_type=\"container\" data-e-type=\"container\" data-settings=\"{&quot;jet_parallax_layout_list&quot;:[]}\">\n\t\t\t\t<div class=\"elementor-element elementor-element-6f17ff6 elementor-widget__width-initial elementor-widget-tablet__width-initial elementor-widget elementor-widget-heading\" data-id=\"6f17ff6\" data-element_type=\"widget\" data-e-type=\"widget\" data-widget_type=\"heading.default\">\n\t\t\t\t<div class=\"elementor-widget-container\">\n\t\t\t\t\t<h2 class=\"elementor-heading-title elementor-size-default\">\u00fcber uns<\/h2>\t\t\t\t<\/div>\n\t\t\t\t<\/div>\n\t\t\t\t<div class=\"elementor-element elementor-element-9a8526b elementor-widget__width-initial elementor-widget-tablet__width-initial elementor-widget-mobile__width-initial elementor-widget elementor-widget-heading\" data-id=\"9a8526b\" data-element_type=\"widget\" data-e-type=\"widget\" data-widget_type=\"heading.default\">\n\t\t\t\t<div class=\"elementor-widget-container\">\n\t\t\t\t\t<h2 class=\"elementor-heading-title elementor-size-default\">UNTERNEHMEN<\/h2>\t\t\t\t<\/div>\n\t\t\t\t<\/div>\n\t\t\t\t<\/div>\n\t\t\t\t<div class=\"elementor-element elementor-element-cd10241 elementor-widget-divider--view-line elementor-widget elementor-widget-divider\" data-id=\"cd10241\" data-element_type=\"widget\" data-e-type=\"widget\" data-widget_type=\"divider.default\">\n\t\t\t\t<div class=\"elementor-widget-container\">\n\t\t\t\t\t\t\t<div class=\"elementor-divider\">\n\t\t\t<span class=\"elementor-divider-separator\">\n\t\t\t\t\t\t<\/span>\n\t\t<\/div>\n\t\t\t\t\t\t<\/div>\n\t\t\t\t<\/div>\n\t\t\t\t<\/div>\n\t\t\t\t<div class=\"elementor-element elementor-element-33b6f11 elementor-widget elementor-widget-image\" data-id=\"33b6f11\" data-element_type=\"widget\" data-e-type=\"widget\" data-widget_type=\"image.default\">\n\t\t\t\t<div class=\"elementor-widget-container\">\n\t\t\t\t\t\t\t\t\t\t\t\t\t\t\t<img fetchpriority=\"high\" decoding=\"async\" width=\"1920\" height=\"699\" src=\"https:\/\/www.vigezzinacentovalli.com\/wp-content\/uploads\/2024\/07\/header-gestione-1920-x-700.webp\" class=\"attachment-full size-full wp-image-3296\" alt=\"\" \/>\t\t\t\t\t\t\t\t\t\t\t\t\t\t\t<\/div>\n\t\t\t\t<\/div>\n\t\t\t\t\t<\/div>\n\t\t\t\t<\/div>\n\t\t<div class=\"elementor-element elementor-element-d60b9be e-flex e-con-boxed e-con e-parent\" data-id=\"d60b9be\" data-element_type=\"container\" data-e-type=\"container\" data-settings=\"{&quot;jet_parallax_layout_list&quot;:[]}\">\n\t\t\t\t\t<div class=\"e-con-inner\">\n\t\t<div class=\"elementor-element elementor-element-9d22bd4 e-con-full e-flex e-con e-child\" data-id=\"9d22bd4\" data-element_type=\"container\" data-e-type=\"container\" data-settings=\"{&quot;jet_parallax_layout_list&quot;:[]}\">\n\t\t\t\t<div class=\"elementor-element elementor-element-265d2dc elementor-widget__width-initial elementor-widget elementor-widget-text-editor\" data-id=\"265d2dc\" data-element_type=\"widget\" data-e-type=\"widget\" data-widget_type=\"text-editor.default\">\n\t\t\t\t<div class=\"elementor-widget-container\">\n\t\t\t\t\t\t\t\t\t<p>Die Eisenbahnlinie wird von zwei Gesellschaften betrieben: der Societ\u00e0 Subalpina di Imprese Ferroviarie (I) und der Ferrovie e autolinee regionali ticinesi (CH).<\/p>\n<p>Die\u00a0<strong><a href=\"http:\/\/www.vigezzina.com\/\" target=\"_blank\" rel=\"noopener\">Societ\u00e0 Subalpina di Imprese Ferroviarie (SSIF)<\/a>\u00a0<\/strong>ist eine private Aktiengesellschaft und seit 1912 Konzession\u00e4rin f\u00fcr den Bau und den Betrieb der internationalen meterspurigen elektrifizierten Schmalspurbahn von Domodossola bis zur Schweizer Grenze.<\/p>\n<p>Die\u00a0<strong><a href=\"http:\/\/www.centovalli.ch\/\" target=\"_blank\" rel=\"noopener\">Ferrovie e autolinee regionali ticinesi<\/a><\/strong>\u00a0ist ein Unternehmen f\u00fcr den \u00f6ffentlichen Transport im Locarnese und betreibt seit 1923 die Schweizer Bahnstrecke von Locarno bis zur Schweizer Grenze. Die Ferrovie Autolinee Regionali Ticinesi ist eine im Handelsregister des Tessins eingetragene Aktiengesellschaft mit Kapital in Namenaktien (\u00f6ffentliche K\u00f6rperschaften) und Inhaberaktien (Privatpersonen). Zus\u00e4tzlich zur Ferrovia delle Centovalli (Bundeskonzession seit 1905) betreibt die Gesellschaft aus Locarno auch die Buslinien im Stadtnetz von Locarno (3 Linien) und in der Region (5 Linien) sowie die Seilbahnen Verdasio\u2013Rasa und Intragna\u2013Pila\u2013Costa.<\/p>\n\t\t\t\t\t\t\t\t<\/div>\n\t\t\t\t<\/div>\n\t\t\t\t<\/div>\n\t\t<div class=\"elementor-element elementor-element-25f52eb e-con-full e-flex e-con e-child\" data-id=\"25f52eb\" data-element_type=\"container\" data-e-type=\"container\" data-settings=\"{&quot;jet_parallax_layout_list&quot;:[]}\">\n\t\t\t\t<div class=\"elementor-element elementor-element-8b90fc5 elementor-align-left elementor-widget elementor-widget-button\" data-id=\"8b90fc5\" data-element_type=\"widget\" data-e-type=\"widget\" data-widget_type=\"button.default\">\n\t\t\t\t<div class=\"elementor-widget-container\">\n\t\t\t\t\t\t\t\t\t<div class=\"elementor-button-wrapper\">\n\t\t\t\t\t<a class=\"elementor-button elementor-button-link elementor-size-sm\" href=\"https:\/\/www.vigezzinacentovalli.com\/de\/ueber-uns\/\">\n\t\t\t\t\t\t<span class=\"elementor-button-content-wrapper\">\n\t\t\t\t\t\t<span class=\"elementor-button-icon\">\n\t\t\t\t<svg aria-hidden=\"true\" class=\"e-font-icon-svg e-fas-arrow-left\" viewBox=\"0 0 448 512\" xmlns=\"http:\/\/www.w3.org\/2000\/svg\"><path d=\"M257.5 445.1l-22.2 22.2c-9.4 9.4-24.6 9.4-33.9 0L7 273c-9.4-9.4-9.4-24.6 0-33.9L201.4 44.7c9.4-9.4 24.6-9.4 33.9 0l22.2 22.2c9.5 9.5 9.3 25-.4 34.3L136.6 216H424c13.3 0 24 10.7 24 24v32c0 13.3-10.7 24-24 24H136.6l120.5 114.8c9.8 9.3 10 24.8.4 34.3z\"><\/path><\/svg>\t\t\t<\/span>\n\t\t\t\t\t\t\t\t\t<span class=\"elementor-button-text\">Zur\u00fcck zur vorherigen Seite<\/span>\n\t\t\t\t\t<\/span>\n\t\t\t\t\t<\/a>\n\t\t\t\t<\/div>\n\t\t\t\t\t\t\t\t<\/div>\n\t\t\t\t<\/div>\n\t\t\t\t<\/div>\n\t\t\t\t\t<\/div>\n\t\t\t\t<\/div>\n\t\t<div class=\"elementor-element elementor-element-47332c3 e-flex e-con-boxed e-con e-parent\" data-id=\"47332c3\" data-element_type=\"container\" data-e-type=\"container\" data-settings=\"{&quot;background_background&quot;:&quot;classic&quot;,&quot;jet_parallax_layout_list&quot;:[]}\">\n\t\t\t\t\t<div class=\"e-con-inner\">\n\t\t\t\t<div class=\"elementor-element elementor-element-43fdfb3 elementor-widget elementor-widget-heading\" data-id=\"43fdfb3\" data-element_type=\"widget\" data-e-type=\"widget\" data-widget_type=\"heading.default\">\n\t\t\t\t<div class=\"elementor-widget-container\">\n\t\t\t\t\t<h2 class=\"elementor-heading-title elementor-size-default\">Reservieren Sie Ihre Reise mit uns<\/h2>\t\t\t\t<\/div>\n\t\t\t\t<\/div>\n\t\t\t\t<div class=\"elementor-element elementor-element-1634362 elementor-align-center elementor-widget elementor-widget-button\" data-id=\"1634362\" data-element_type=\"widget\" data-e-type=\"widget\" data-widget_type=\"button.default\">\n\t\t\t\t<div class=\"elementor-widget-container\">\n\t\t\t\t\t\t\t\t\t<div class=\"elementor-button-wrapper\">\n\t\t\t\t\t<a class=\"elementor-button elementor-button-link elementor-size-sm\" href=\"https:\/\/prenota.vigezzinacentovalli.com\/\" target=\"_blank\">\n\t\t\t\t\t\t<span class=\"elementor-button-content-wrapper\">\n\t\t\t\t\t\t\t\t\t<span class=\"elementor-button-text\">KAUF<\/span>\n\t\t\t\t\t<\/span>\n\t\t\t\t\t<\/a>\n\t\t\t\t<\/div>\n\t\t\t\t\t\t\t\t<\/div>\n\t\t\t\t<\/div>\n\t\t\t\t\t<\/div>\n\t\t\t\t<\/div>\n\t\t\t\t<\/div>\n\t\t","protected":false},"excerpt":{"rendered":"<p>\u00fcber uns UNTERNEHMEN Die Eisenbahnlinie wird von zwei Gesellschaften betrieben: der Societ\u00e0 Subalpina di Imprese Ferroviarie (I) und der Ferrovie e autolinee regionali ticinesi (CH). Die\u00a0Societ\u00e0 Subalpina di Imprese Ferroviarie (SSIF)\u00a0ist eine private Aktiengesellschaft und seit 1912 Konzession\u00e4rin f\u00fcr den Bau und den Betrieb der internationalen meterspurigen elektrifizierten Schmalspurbahn von Domodossola bis zur Schweizer Grenze. [&hellip;]<\/p>\n","protected":false},"author":2,"featured_media":0,"parent":4351,"menu_order":3,"comment_status":"closed","ping_status":"closed","template":"elementor_header_footer","meta":{"_monsterinsights_skip_tracking":false,"_monsterinsights_sitenote_active":false,"_monsterinsights_sitenote_note":"","_monsterinsights_sitenote_category":0,"_uf_show_specific_survey":0,"_uf_disable_surveys":false,"footnotes":""},"class_list":["post-4363","page","type-page","status-publish","hentry"],"aioseo_notices":[],"_links":{"self":[{"href":"https:\/\/www.vigezzinacentovalli.com\/de\/wp-json\/wp\/v2\/pages\/4363","targetHints":{"allow":["GET"]}}],"collection":[{"href":"https:\/\/www.vigezzinacentovalli.com\/de\/wp-json\/wp\/v2\/pages"}],"about":[{"href":"https:\/\/www.vigezzinacentovalli.com\/de\/wp-json\/wp\/v2\/types\/page"}],"author":[{"embeddable":true,"href":"https:\/\/www.vigezzinacentovalli.com\/de\/wp-json\/wp\/v2\/users\/2"}],"replies":[{"embeddable":true,"href":"https:\/\/www.vigezzinacentovalli.com\/de\/wp-json\/wp\/v2\/comments?post=4363"}],"version-history":[{"count":2,"href":"https:\/\/www.vigezzinacentovalli.com\/de\/wp-json\/wp\/v2\/pages\/4363\/revisions"}],"predecessor-version":[{"id":4733,"href":"https:\/\/www.vigezzinacentovalli.com\/de\/wp-json\/wp\/v2\/pages\/4363\/revisions\/4733"}],"up":[{"embeddable":true,"href":"https:\/\/www.vigezzinacentovalli.com\/de\/wp-json\/wp\/v2\/pages\/4351"}],"wp:attachment":[{"href":"https:\/\/www.vigezzinacentovalli.com\/de\/wp-json\/wp\/v2\/media?parent=4363"}],"curies":[{"name":"wp","href":"https:\/\/api.w.org\/{rel}","templated":true}]}}