{"id":3965,"date":"2024-07-12T10:24:27","date_gmt":"2024-07-12T08:24:27","guid":{"rendered":"https:\/\/www.vigezzinacentovalli.com\/legal-information\/"},"modified":"2024-07-26T11:49:50","modified_gmt":"2024-07-26T09:49:50","slug":"legal-information","status":"publish","type":"page","link":"https:\/\/www.vigezzinacentovalli.com\/fr\/legal-information\/","title":{"rendered":"Legal Information"},"content":{"rendered":"\t\t<div data-elementor-type=\"wp-page\" data-elementor-id=\"3965\" class=\"elementor elementor-3965 elementor-2365\" data-elementor-post-type=\"page\">\n\t\t\t\t<div class=\"elementor-element elementor-element-1010546 e-flex e-con-boxed e-con e-parent\" data-id=\"1010546\" data-element_type=\"container\" data-e-type=\"container\" data-settings=\"{&quot;jet_parallax_layout_list&quot;:[]}\">\n\t\t\t\t\t<div class=\"e-con-inner\">\n\t\t<div class=\"elementor-element elementor-element-be8c3dd e-con-full e-flex e-con e-child\" data-id=\"be8c3dd\" data-element_type=\"container\" data-e-type=\"container\" data-settings=\"{&quot;jet_parallax_layout_list&quot;:[]}\">\n\t\t<div class=\"elementor-element elementor-element-b6c2f83 e-con-full e-flex e-con e-child\" data-id=\"b6c2f83\" data-element_type=\"container\" data-e-type=\"container\" data-settings=\"{&quot;jet_parallax_layout_list&quot;:[]}\">\n\t\t\t\t<div class=\"elementor-element elementor-element-9a8526b elementor-widget__width-initial elementor-widget-tablet__width-initial elementor-widget-mobile__width-initial elementor-widget elementor-widget-heading\" data-id=\"9a8526b\" data-element_type=\"widget\" data-e-type=\"widget\" data-widget_type=\"heading.default\">\n\t\t\t\t<div class=\"elementor-widget-container\">\n\t\t\t\t\t<h2 class=\"elementor-heading-title elementor-size-default\">Legal Information<\/h2>\t\t\t\t<\/div>\n\t\t\t\t<\/div>\n\t\t\t\t<\/div>\n\t\t\t\t<div class=\"elementor-element elementor-element-cd10241 elementor-widget-divider--view-line elementor-widget elementor-widget-divider\" data-id=\"cd10241\" data-element_type=\"widget\" data-e-type=\"widget\" data-widget_type=\"divider.default\">\n\t\t\t\t<div class=\"elementor-widget-container\">\n\t\t\t\t\t\t\t<div class=\"elementor-divider\">\n\t\t\t<span class=\"elementor-divider-separator\">\n\t\t\t\t\t\t<\/span>\n\t\t<\/div>\n\t\t\t\t\t\t<\/div>\n\t\t\t\t<\/div>\n\t\t\t\t<\/div>\n\t\t\t\t<div class=\"elementor-element elementor-element-33b6f11 elementor-widget elementor-widget-image\" data-id=\"33b6f11\" data-element_type=\"widget\" data-e-type=\"widget\" data-widget_type=\"image.default\">\n\t\t\t\t<div class=\"elementor-widget-container\">\n\t\t\t\t\t\t\t\t\t\t\t\t\t\t\t<img fetchpriority=\"high\" decoding=\"async\" width=\"1920\" height=\"700\" src=\"https:\/\/www.vigezzinacentovalli.com\/wp-content\/uploads\/2024\/07\/PrivacyPolicy_1920x700.webp\" class=\"attachment-full size-full wp-image-3310\" alt=\"\" \/>\t\t\t\t\t\t\t\t\t\t\t\t\t\t\t<\/div>\n\t\t\t\t<\/div>\n\t\t\t\t\t<\/div>\n\t\t\t\t<\/div>\n\t\t<div class=\"elementor-element elementor-element-9eb3fb1 e-flex e-con-boxed e-con e-parent\" data-id=\"9eb3fb1\" data-element_type=\"container\" data-e-type=\"container\" data-settings=\"{&quot;jet_parallax_layout_list&quot;:[]}\">\n\t\t\t\t\t<div class=\"e-con-inner\">\n\t\t\t\t<div class=\"elementor-element elementor-element-dd565d5 elementor-widget elementor-widget-text-editor\" data-id=\"dd565d5\" data-element_type=\"widget\" data-e-type=\"widget\" data-widget_type=\"text-editor.default\">\n\t\t\t\t<div class=\"elementor-widget-container\">\n\t\t\t\t\t\t\t\t\t<h4>FART SA &#8211; Ferrovie Autolinee Regionali Ticinesi<\/h4>\n<p>Via D. Galli 9<br \/>\nCasella postale<br \/>\nCH 6604 Locarno<\/p>\n<p>T +41 91 756 04 00<br \/>\nF +41 91 756 04 99<\/p>\n<p>Courriel g\u00e9n\u00e9ral:\u00a0<a href=\"mailto:fart@centovalli.ch\">fart@centovalli.ch<\/a><br \/>\nCourriel privacy:\u00a0<a href=\"mailto:privacy@centovalli.ch\">privacy@centovalli.ch<\/a><br \/>\nCourriel hr:\u00a0<a href=\"mailto:risorseumane@centovalli.ch\">risorseumane@centovalli.ch<\/a><\/p>\n<p>Website Fart SA:\u00a0<a href=\"https:\/\/fartiamo.ch\/\" target=\"_blank\" rel=\"noopener\">www.fartiamo.ch<\/a><br \/>\nWebsite:\u00a0<a href=\"https:\/\/www.vigezzinacentovalli.com\/\" target=\"_blank\" rel=\"noopener\">www.vigezzinacentovalli.com<\/a><br \/>\nWebsite:\u00a0<a href=\"https:\/\/fartiamo.ch\/\" target=\"_blank\" rel=\"noopener\">www.centovalli.ch<\/a><\/p>\n<p>Veuillez utiliser\u00a0<a href=\"https:\/\/www.vigezzinacentovalli.com\/contatti.html\">cette page<\/a>\u00a0de contact pour obtenir des r\u00e9ponses \u00e0 vos questions dans les meilleurs d\u00e9lais et pour nous faire part de vos propositions d&rsquo;am\u00e9lioration et autres commentaires.<\/p>\n\t\t\t\t\t\t\t\t<\/div>\n\t\t\t\t<\/div>\n\t\t\t\t\t<\/div>\n\t\t\t\t<\/div>\n\t\t<div class=\"elementor-element elementor-element-47332c3 e-flex e-con-boxed e-con e-parent\" data-id=\"47332c3\" data-element_type=\"container\" data-e-type=\"container\" data-settings=\"{&quot;background_background&quot;:&quot;classic&quot;,&quot;jet_parallax_layout_list&quot;:[]}\">\n\t\t\t\t\t<div class=\"e-con-inner\">\n\t\t\t\t<div class=\"elementor-element elementor-element-43fdfb3 elementor-widget elementor-widget-heading\" data-id=\"43fdfb3\" data-element_type=\"widget\" data-e-type=\"widget\" data-widget_type=\"heading.default\">\n\t\t\t\t<div class=\"elementor-widget-container\">\n\t\t\t\t\t<h2 class=\"elementor-heading-title elementor-size-default\">R\u00e9serve ton voyage avec nous<\/h2>\t\t\t\t<\/div>\n\t\t\t\t<\/div>\n\t\t\t\t<div class=\"elementor-element elementor-element-1634362 elementor-align-center elementor-widget elementor-widget-button\" data-id=\"1634362\" data-element_type=\"widget\" data-e-type=\"widget\" data-widget_type=\"button.default\">\n\t\t\t\t<div class=\"elementor-widget-container\">\n\t\t\t\t\t\t\t\t\t<div class=\"elementor-button-wrapper\">\n\t\t\t\t\t<a class=\"elementor-button elementor-button-link elementor-size-sm\" href=\"https:\/\/prenota.vigezzinacentovalli.com\/\" target=\"_blank\">\n\t\t\t\t\t\t<span class=\"elementor-button-content-wrapper\">\n\t\t\t\t\t\t\t\t\t<span class=\"elementor-button-text\">ACHETER<\/span>\n\t\t\t\t\t<\/span>\n\t\t\t\t\t<\/a>\n\t\t\t\t<\/div>\n\t\t\t\t\t\t\t\t<\/div>\n\t\t\t\t<\/div>\n\t\t\t\t\t<\/div>\n\t\t\t\t<\/div>\n\t\t\t\t<\/div>\n\t\t","protected":false},"excerpt":{"rendered":"<p>Legal Information FART SA &#8211; Ferrovie Autolinee Regionali Ticinesi Via D. Galli 9 Casella postale CH 6604 Locarno T +41 91 756 04 00 F +41 91 756 04 99 Courriel g\u00e9n\u00e9ral:\u00a0fart@centovalli.ch Courriel privacy:\u00a0privacy@centovalli.ch Courriel hr:\u00a0risorseumane@centovalli.ch Website Fart SA:\u00a0www.fartiamo.ch Website:\u00a0www.vigezzinacentovalli.com Website:\u00a0www.centovalli.ch Veuillez utiliser\u00a0cette page\u00a0de contact pour obtenir des r\u00e9ponses \u00e0 vos questions dans les meilleurs [&hellip;]<\/p>\n","protected":false},"author":2,"featured_media":0,"parent":0,"menu_order":13,"comment_status":"closed","ping_status":"closed","template":"elementor_header_footer","meta":{"_monsterinsights_skip_tracking":false,"_monsterinsights_sitenote_active":false,"_monsterinsights_sitenote_note":"","_monsterinsights_sitenote_category":0,"_uf_show_specific_survey":0,"_uf_disable_surveys":false,"footnotes":""},"class_list":["post-3965","page","type-page","status-publish","hentry"],"aioseo_notices":[],"_links":{"self":[{"href":"https:\/\/www.vigezzinacentovalli.com\/fr\/wp-json\/wp\/v2\/pages\/3965","targetHints":{"allow":["GET"]}}],"collection":[{"href":"https:\/\/www.vigezzinacentovalli.com\/fr\/wp-json\/wp\/v2\/pages"}],"about":[{"href":"https:\/\/www.vigezzinacentovalli.com\/fr\/wp-json\/wp\/v2\/types\/page"}],"author":[{"embeddable":true,"href":"https:\/\/www.vigezzinacentovalli.com\/fr\/wp-json\/wp\/v2\/users\/2"}],"replies":[{"embeddable":true,"href":"https:\/\/www.vigezzinacentovalli.com\/fr\/wp-json\/wp\/v2\/comments?post=3965"}],"version-history":[{"count":1,"href":"https:\/\/www.vigezzinacentovalli.com\/fr\/wp-json\/wp\/v2\/pages\/3965\/revisions"}],"predecessor-version":[{"id":3966,"href":"https:\/\/www.vigezzinacentovalli.com\/fr\/wp-json\/wp\/v2\/pages\/3965\/revisions\/3966"}],"wp:attachment":[{"href":"https:\/\/www.vigezzinacentovalli.com\/fr\/wp-json\/wp\/v2\/media?parent=3965"}],"curies":[{"name":"wp","href":"https:\/\/api.w.org\/{rel}","templated":true}]}}